{"id":19474,"date":"2025-03-10T10:37:12","date_gmt":"2025-03-10T10:37:12","guid":{"rendered":"https:\/\/staging.digatus.com\/?page_id=19474"},"modified":"2025-10-27T10:35:47","modified_gmt":"2025-10-27T09:35:47","slug":"impressum","status":"publish","type":"page","link":"https:\/\/digatus.com\/de\/impressum\/","title":{"rendered":"Impressum"},"content":{"rendered":"\t\t<div data-elementor-type=\"wp-page\" data-elementor-id=\"19474\" class=\"elementor elementor-19474\" data-elementor-post-type=\"page\">\n\t\t\t\t<div class=\"elementor-element elementor-element-b455d07 e-flex e-con-boxed e-con e-parent\" data-id=\"b455d07\" data-element_type=\"container\" data-e-type=\"container\" data-settings=\"{&quot;background_background&quot;:&quot;classic&quot;}\">\n\t\t\t\t\t<div class=\"e-con-inner\">\n\t\t<div class=\"elementor-element elementor-element-6783e61e e-con-full e-flex e-con e-child\" data-id=\"6783e61e\" data-element_type=\"container\" data-e-type=\"container\">\n\t\t\t\t<div class=\"elementor-element elementor-element-3d454208 elementor-widget elementor-widget-heading\" data-id=\"3d454208\" data-element_type=\"widget\" data-e-type=\"widget\" data-widget_type=\"heading.default\">\n\t\t\t\t<div class=\"elementor-widget-container\">\n\t\t\t\t\t<h1 class=\"elementor-heading-title elementor-size-default\">Impressum<\/h1>\t\t\t\t<\/div>\n\t\t\t\t<\/div>\n\t\t\t\t<\/div>\n\t\t\t\t\t<\/div>\n\t\t\t\t<\/div>\n\t\t<div class=\"elementor-element elementor-element-74c458dd e-flex e-con-boxed e-con e-parent\" data-id=\"74c458dd\" data-element_type=\"container\" data-e-type=\"container\" id=\"Leistung\">\n\t\t\t\t\t<div class=\"e-con-inner\">\n\t\t<div class=\"elementor-element elementor-element-4358007a e-con-full e-flex e-con e-child\" data-id=\"4358007a\" data-element_type=\"container\" data-e-type=\"container\">\n\t\t\t\t<div class=\"elementor-element elementor-element-77d749 elementor-widget__width-initial elementor-widget elementor-widget-text-editor\" data-id=\"77d749\" data-element_type=\"widget\" data-e-type=\"widget\" data-widget_type=\"text-editor.default\">\n\t\t\t\t<div class=\"elementor-widget-container\">\n\t\t\t\t\t\t\t\t\t<p><strong>Kontaktdaten<\/strong><br \/>digatus it group AG<br \/>Elsenheimerstra\u00dfe 61<br \/>80687 M\u00fcnchen<br \/>E-Mail: info@digatus.com<br \/>Tel:\u00a0<a href=\"tel:+4989262075610\">+49 89 2 62 07 56 10<\/a><\/p><p><strong>Vorstand<\/strong><br \/>Stephan Bals (Vorsitz), Felix Kirschner<\/p><p><strong>Aufsichtsrat<\/strong><br \/>Karl Bals (Vorsitz \/ Chairman), Dr. Albrecht Schleich\u00a0(stellv. Vorsitz \/ Deputy Chairman), Verena Rathjen, Dr. Wolfgang Heimsch<\/p><p><strong>Amtsgericht<\/strong><br \/>Amtsgericht M\u00fcnchen, HRB 216715<\/p><p><strong>Umsatzsteuer- Identifikationsnummer gem\u00e4\u00df \u00a7 27a Umsatzsteuergesetz \/<\/strong><br \/>DE298857035<\/p><p><strong>Redaktionelle Verantwortung im Sinne des \u00a7 55 Abs. 2 RStV \/<\/strong><br \/>Stephan Bals, c\/o digatus it group AG, Elsenheimerstra\u00dfe 61, 80687 M\u00fcnchen<\/p><h6>\u00a0<\/h6><h6>Weitere Tochtergesellschaften<\/h6><p><strong>digatus it consulting GmbH<\/strong><br \/>Elsenheimerstra\u00dfe 61<br \/>80687 M\u00fcnchen<\/p><p>Registergericht: M\u00fcnchen, HRB 219543<br \/>USt.ID: DE 294 485 236<br \/>Gesch\u00e4ftsf\u00fchrer: Stephan Bals<\/p><p><strong>digatus technology GmbH<\/strong><br \/>G\u00f6gginger Stra\u00dfe 49<br \/>86159 Augsburg<\/p><p>Registergericht: Augsburg, HRB 30489<br \/>USt.ID: DE 206 523 019<br \/>Gesch\u00e4ftsf\u00fchrer: Ludwig Hank, Christian M. J. Quickert<\/p><p><b>digatus personal GmbH<br \/><\/b>Elsenheimerstra\u00dfe 61<br \/>80687 M\u00fcnchen<\/p><p>Registergericht: M\u00fcnchen, 299847<br \/>USt.ID:\u00a0DE 452 887 990<br \/>Gesch\u00e4ftsf\u00fchrer: Ludwig Hank<\/p><p>Alle Inhalte wie Texte oder Bilder sind urheberrechtlich gesch\u00fctzt und d\u00fcrfen ohne die schriftliche Zustimmung von digatus it group AG sowie ggf. weiterer Urheber weder ganz noch teilweise au\u00dferhalb dieser Website vervielf\u00e4ltigt, weitergegeben, verbreitet oder gespeichert werden. Das gesamte Angebot wird kostenlos sowie freibleibend ohne jegliche rechtliche Verpflichtung zur Aufrechterhaltung des Betriebes angeboten. digatus it group AG haftet nicht f\u00fcr Sch\u00e4den, die durch von digatus it group AG nicht zu vertretende, unvorhersehbare Ereignisse, insbesondere Netzzusammenbr\u00fcche oder Computerausf\u00e4lle eintreten. Trotz sorgf\u00e4ltiger, inhaltlicher Kontrolle \u00fcbernimmt digatus it group AG keine Haftung f\u00fcr die Richtigkeit, Aktualit\u00e4t oder Vollst\u00e4ndigkeit der Inhalte oder der \u00fcber externe Links erreichbaren Inhalte. F\u00fcr den Inhalt der verlinkten Seiten und deren Rechtm\u00e4\u00dfigkeit sind ausschlie\u00dflich deren Betreiber verantwortlich. Bei Fragen stehen wir Ihnen gerne zur Verf\u00fcgung.<\/p>\t\t\t\t\t\t\t\t<\/div>\n\t\t\t\t<\/div>\n\t\t\t\t<\/div>\n\t\t\t\t\t<\/div>\n\t\t\t\t<\/div>\n\t\t\t\t<\/div>\n\t\t","protected":false},"excerpt":{"rendered":"<p>Impressum Kontaktdatendigatus it group AGElsenheimerstra\u00dfe 6180687 M\u00fcnchenE-Mail: info@digatus.comTel:\u00a0+49 89 2 62 07 56 10 VorstandStephan Bals (Vorsitz), Felix Kirschner AufsichtsratKarl Bals (Vorsitz \/ Chairman), Dr. Albrecht Schleich\u00a0(stellv. Vorsitz \/ Deputy Chairman), Verena Rathjen, Dr. Wolfgang Heimsch AmtsgerichtAmtsgericht M\u00fcnchen, HRB 216715 Umsatzsteuer- Identifikationsnummer gem\u00e4\u00df \u00a7 27a Umsatzsteuergesetz \/DE298857035 Redaktionelle Verantwortung im Sinne des \u00a7 55 Abs. [&hellip;]<\/p>\n","protected":false},"author":2,"featured_media":0,"parent":0,"menu_order":0,"comment_status":"closed","ping_status":"closed","template":"","meta":{"footnotes":""},"class_list":["post-19474","page","type-page","status-publish","hentry"],"yoast_head":"<!-- This site is optimized with the Yoast SEO plugin v27.3 - https:\/\/yoast.com\/product\/yoast-seo-wordpress\/ -->\n<title>Impressum - digatus<\/title>\n<meta name=\"robots\" content=\"index, follow, max-snippet:-1, max-image-preview:large, max-video-preview:-1\" \/>\n<link rel=\"canonical\" href=\"https:\/\/digatus.com\/de\/impressum\/\" \/>\n<meta property=\"og:locale\" content=\"de_DE\" \/>\n<meta property=\"og:type\" content=\"article\" \/>\n<meta property=\"og:title\" content=\"Impressum - digatus\" \/>\n<meta property=\"og:description\" content=\"Impressum Kontaktdatendigatus it group AGElsenheimerstra\u00dfe 6180687 M\u00fcnchenE-Mail: info@digatus.comTel:\u00a0+49 89 2 62 07 56 10 VorstandStephan Bals (Vorsitz), Felix Kirschner AufsichtsratKarl Bals (Vorsitz \/ Chairman), Dr. Albrecht Schleich\u00a0(stellv. Vorsitz \/ Deputy Chairman), Verena Rathjen, Dr. Wolfgang Heimsch AmtsgerichtAmtsgericht M\u00fcnchen, HRB 216715 Umsatzsteuer- Identifikationsnummer gem\u00e4\u00df \u00a7 27a Umsatzsteuergesetz \/DE298857035 Redaktionelle Verantwortung im Sinne des \u00a7 55 Abs. [&hellip;]\" \/>\n<meta property=\"og:url\" content=\"https:\/\/digatus.com\/de\/impressum\/\" \/>\n<meta property=\"og:site_name\" content=\"digatus\" \/>\n<meta property=\"article:modified_time\" content=\"2025-10-27T09:35:47+00:00\" \/>\n<meta name=\"twitter:card\" content=\"summary_large_image\" \/>\n<meta name=\"twitter:label1\" content=\"Gesch\u00e4tzte Lesezeit\" \/>\n\t<meta name=\"twitter:data1\" content=\"2\u00a0Minuten\" \/>\n<script type=\"application\/ld+json\" class=\"yoast-schema-graph\">{\"@context\":\"https:\\\/\\\/schema.org\",\"@graph\":[{\"@type\":\"WebPage\",\"@id\":\"https:\\\/\\\/digatus.com\\\/de\\\/impressum\\\/\",\"url\":\"https:\\\/\\\/digatus.com\\\/de\\\/impressum\\\/\",\"name\":\"Impressum - digatus\",\"isPartOf\":{\"@id\":\"https:\\\/\\\/digatus.com\\\/de\\\/#website\"},\"datePublished\":\"2025-03-10T10:37:12+00:00\",\"dateModified\":\"2025-10-27T09:35:47+00:00\",\"breadcrumb\":{\"@id\":\"https:\\\/\\\/digatus.com\\\/de\\\/impressum\\\/#breadcrumb\"},\"inLanguage\":\"de\",\"potentialAction\":[{\"@type\":\"ReadAction\",\"target\":[\"https:\\\/\\\/digatus.com\\\/de\\\/impressum\\\/\"]}]},{\"@type\":\"BreadcrumbList\",\"@id\":\"https:\\\/\\\/digatus.com\\\/de\\\/impressum\\\/#breadcrumb\",\"itemListElement\":[{\"@type\":\"ListItem\",\"position\":1,\"name\":\"Startseite\",\"item\":\"https:\\\/\\\/digatus.com\\\/de\\\/\"},{\"@type\":\"ListItem\",\"position\":2,\"name\":\"Impressum\"}]},{\"@type\":\"WebSite\",\"@id\":\"https:\\\/\\\/digatus.com\\\/de\\\/#website\",\"url\":\"https:\\\/\\\/digatus.com\\\/de\\\/\",\"name\":\"digatus\",\"description\":\"Transforming IT, Empowering Business.\",\"publisher\":{\"@id\":\"https:\\\/\\\/digatus.com\\\/de\\\/#organization\"},\"potentialAction\":[{\"@type\":\"SearchAction\",\"target\":{\"@type\":\"EntryPoint\",\"urlTemplate\":\"https:\\\/\\\/digatus.com\\\/de\\\/?s={search_term_string}\"},\"query-input\":{\"@type\":\"PropertyValueSpecification\",\"valueRequired\":true,\"valueName\":\"search_term_string\"}}],\"inLanguage\":\"de\"},{\"@type\":\"Organization\",\"@id\":\"https:\\\/\\\/digatus.com\\\/de\\\/#organization\",\"name\":\"digatus\",\"url\":\"https:\\\/\\\/digatus.com\\\/de\\\/\",\"logo\":{\"@type\":\"ImageObject\",\"inLanguage\":\"de\",\"@id\":\"https:\\\/\\\/digatus.com\\\/de\\\/#\\\/schema\\\/logo\\\/image\\\/\",\"url\":\"https:\\\/\\\/digatus.com\\\/wp-content\\\/uploads\\\/2025\\\/01\\\/Logo_digatus_green_web_rgb.png\",\"contentUrl\":\"https:\\\/\\\/digatus.com\\\/wp-content\\\/uploads\\\/2025\\\/01\\\/Logo_digatus_green_web_rgb.png\",\"width\":1200,\"height\":312,\"caption\":\"digatus\"},\"image\":{\"@id\":\"https:\\\/\\\/digatus.com\\\/de\\\/#\\\/schema\\\/logo\\\/image\\\/\"}}]}<\/script>\n<!-- \/ Yoast SEO plugin. -->","yoast_head_json":{"title":"Impressum - digatus","robots":{"index":"index","follow":"follow","max-snippet":"max-snippet:-1","max-image-preview":"max-image-preview:large","max-video-preview":"max-video-preview:-1"},"canonical":"https:\/\/digatus.com\/de\/impressum\/","og_locale":"de_DE","og_type":"article","og_title":"Impressum - digatus","og_description":"Impressum Kontaktdatendigatus it group AGElsenheimerstra\u00dfe 6180687 M\u00fcnchenE-Mail: info@digatus.comTel:\u00a0+49 89 2 62 07 56 10 VorstandStephan Bals (Vorsitz), Felix Kirschner AufsichtsratKarl Bals (Vorsitz \/ Chairman), Dr. Albrecht Schleich\u00a0(stellv. Vorsitz \/ Deputy Chairman), Verena Rathjen, Dr. Wolfgang Heimsch AmtsgerichtAmtsgericht M\u00fcnchen, HRB 216715 Umsatzsteuer- Identifikationsnummer gem\u00e4\u00df \u00a7 27a Umsatzsteuergesetz \/DE298857035 Redaktionelle Verantwortung im Sinne des \u00a7 55 Abs. [&hellip;]","og_url":"https:\/\/digatus.com\/de\/impressum\/","og_site_name":"digatus","article_modified_time":"2025-10-27T09:35:47+00:00","twitter_card":"summary_large_image","twitter_misc":{"Gesch\u00e4tzte Lesezeit":"2\u00a0Minuten"},"schema":{"@context":"https:\/\/schema.org","@graph":[{"@type":"WebPage","@id":"https:\/\/digatus.com\/de\/impressum\/","url":"https:\/\/digatus.com\/de\/impressum\/","name":"Impressum - digatus","isPartOf":{"@id":"https:\/\/digatus.com\/de\/#website"},"datePublished":"2025-03-10T10:37:12+00:00","dateModified":"2025-10-27T09:35:47+00:00","breadcrumb":{"@id":"https:\/\/digatus.com\/de\/impressum\/#breadcrumb"},"inLanguage":"de","potentialAction":[{"@type":"ReadAction","target":["https:\/\/digatus.com\/de\/impressum\/"]}]},{"@type":"BreadcrumbList","@id":"https:\/\/digatus.com\/de\/impressum\/#breadcrumb","itemListElement":[{"@type":"ListItem","position":1,"name":"Startseite","item":"https:\/\/digatus.com\/de\/"},{"@type":"ListItem","position":2,"name":"Impressum"}]},{"@type":"WebSite","@id":"https:\/\/digatus.com\/de\/#website","url":"https:\/\/digatus.com\/de\/","name":"digatus","description":"Transforming IT, Empowering Business.","publisher":{"@id":"https:\/\/digatus.com\/de\/#organization"},"potentialAction":[{"@type":"SearchAction","target":{"@type":"EntryPoint","urlTemplate":"https:\/\/digatus.com\/de\/?s={search_term_string}"},"query-input":{"@type":"PropertyValueSpecification","valueRequired":true,"valueName":"search_term_string"}}],"inLanguage":"de"},{"@type":"Organization","@id":"https:\/\/digatus.com\/de\/#organization","name":"digatus","url":"https:\/\/digatus.com\/de\/","logo":{"@type":"ImageObject","inLanguage":"de","@id":"https:\/\/digatus.com\/de\/#\/schema\/logo\/image\/","url":"https:\/\/digatus.com\/wp-content\/uploads\/2025\/01\/Logo_digatus_green_web_rgb.png","contentUrl":"https:\/\/digatus.com\/wp-content\/uploads\/2025\/01\/Logo_digatus_green_web_rgb.png","width":1200,"height":312,"caption":"digatus"},"image":{"@id":"https:\/\/digatus.com\/de\/#\/schema\/logo\/image\/"}}]}},"_links":{"self":[{"href":"https:\/\/digatus.com\/de\/wp-json\/wp\/v2\/pages\/19474","targetHints":{"allow":["GET"]}}],"collection":[{"href":"https:\/\/digatus.com\/de\/wp-json\/wp\/v2\/pages"}],"about":[{"href":"https:\/\/digatus.com\/de\/wp-json\/wp\/v2\/types\/page"}],"author":[{"embeddable":true,"href":"https:\/\/digatus.com\/de\/wp-json\/wp\/v2\/users\/2"}],"replies":[{"embeddable":true,"href":"https:\/\/digatus.com\/de\/wp-json\/wp\/v2\/comments?post=19474"}],"version-history":[{"count":27,"href":"https:\/\/digatus.com\/de\/wp-json\/wp\/v2\/pages\/19474\/revisions"}],"predecessor-version":[{"id":28669,"href":"https:\/\/digatus.com\/de\/wp-json\/wp\/v2\/pages\/19474\/revisions\/28669"}],"wp:attachment":[{"href":"https:\/\/digatus.com\/de\/wp-json\/wp\/v2\/media?parent=19474"}],"curies":[{"name":"wp","href":"https:\/\/api.w.org\/{rel}","templated":true}]}}