{"id":19537,"date":"2025-03-10T13:16:01","date_gmt":"2025-03-10T13:16:01","guid":{"rendered":"https:\/\/staging.digatus.com\/?page_id=19537"},"modified":"2025-09-05T17:20:09","modified_gmt":"2025-09-05T15:20:09","slug":"interne-meldestelle-gem-hinschg","status":"publish","type":"page","link":"https:\/\/digatus.com\/de\/interne-meldestelle-gem-hinschg\/","title":{"rendered":"Interne Meldestelle gem. HinSchG"},"content":{"rendered":"\t\t<div data-elementor-type=\"wp-page\" data-elementor-id=\"19537\" class=\"elementor elementor-19537\" data-elementor-post-type=\"page\">\n\t\t\t\t<div class=\"elementor-element elementor-element-798f2d30 e-flex e-con-boxed e-con e-parent\" data-id=\"798f2d30\" data-element_type=\"container\" data-e-type=\"container\" data-settings=\"{&quot;background_background&quot;:&quot;classic&quot;}\">\n\t\t\t\t\t<div class=\"e-con-inner\">\n\t\t<div class=\"elementor-element elementor-element-28819f28 e-con-full e-flex e-con e-child\" data-id=\"28819f28\" data-element_type=\"container\" data-e-type=\"container\">\n\t\t\t\t<div class=\"elementor-element elementor-element-cafcb9c elementor-widget elementor-widget-heading\" data-id=\"cafcb9c\" data-element_type=\"widget\" data-e-type=\"widget\" data-widget_type=\"heading.default\">\n\t\t\t\t<div class=\"elementor-widget-container\">\n\t\t\t\t\t<h1 class=\"elementor-heading-title elementor-size-default\">Interne Meldestelle gem. HinSchG<\/h1>\t\t\t\t<\/div>\n\t\t\t\t<\/div>\n\t\t\t\t<\/div>\n\t\t\t\t\t<\/div>\n\t\t\t\t<\/div>\n\t\t<div class=\"elementor-element elementor-element-69fc3e85 e-flex e-con-boxed e-con e-parent\" data-id=\"69fc3e85\" data-element_type=\"container\" data-e-type=\"container\" id=\"Leistung\">\n\t\t\t\t\t<div class=\"e-con-inner\">\n\t\t<div class=\"elementor-element elementor-element-2ee63981 e-con-full e-flex e-con e-child\" data-id=\"2ee63981\" data-element_type=\"container\" data-e-type=\"container\">\n\t\t\t\t<div class=\"elementor-element elementor-element-673799a elementor-widget elementor-widget-heading\" data-id=\"673799a\" data-element_type=\"widget\" data-e-type=\"widget\" data-widget_type=\"heading.default\">\n\t\t\t\t<div class=\"elementor-widget-container\">\n\t\t\t\t\t<h2 class=\"elementor-heading-title elementor-size-default\">Interne Meldestelle gem. HinSchG\u200b<\/h2>\t\t\t\t<\/div>\n\t\t\t\t<\/div>\n\t\t\t\t<div class=\"elementor-element elementor-element-6d77ff38 elementor-widget__width-initial elementor-widget elementor-widget-text-editor\" data-id=\"6d77ff38\" data-element_type=\"widget\" data-e-type=\"widget\" data-widget_type=\"text-editor.default\">\n\t\t\t\t<div class=\"elementor-widget-container\">\n\t\t\t\t\t\t\t\t\t<p>Unsere interne Meldestelle<\/p>\n<p>Unserem Unternehmen liegen der Schutz und das Wohlbefinden unserer Mitarbeiterinnen und Mitarbeiter, unserer Kundinnen und Kunden sowie unserer Zulieferer und Subunternehmer sehr am Herzen. Zugleich sind wir uns unserer gesellschaftlichen Verantwortung bewusst. Daher ist es uns wichtig, dass wir uns zu jeder Zeit in vollst\u00e4ndigem Einklang mit den rechtlichen Vorgaben, die an unser Unternehmen gestellt werden, befinden.<\/p>\n<p>Eventuelle Missst\u00e4nde fallen umso schneller auf, desto mehr Personen unsere Arbeitsprozesse aufmerksam begleiten. Wichtig ist dann aber, dass uns auch tats\u00e4chlich Meldungen \u00fcber entsprechende Probleme erreichen. Gerne m\u00f6chten wir daher einen einfachen Weg anbieten, uns Informationen \u00fcber m\u00f6gliche Verst\u00f6\u00dfe zukommen zu lassen.<\/p>\n<h6>Wer kann eine Meldung machen?<\/h6>\n<p>Zu diesem Zweck k\u00f6nnen sich \u00fcber untenstehenden Link<\/p>\n<ul>\n<li>Mitarbeitende und ehemalige Mitarbeitende<\/li>\n<li>Bewerber:innen<\/li>\n<li>Lieferant:innen und Gesch\u00e4ftspartner:innen<\/li>\n<li>Freie Mitarbeitende<\/li>\n<li>zudem alle anderen nat\u00fcrlichen Personen, die im Rahmen ihrer beruflichen T\u00e4tigkeiten mit unserem Unternehmen in Kontakt stehen<\/li>\n<\/ul>\n<p>mit einer Meldung an uns wenden.<\/p>\n<h6>Wie kann ich die Meldestelle erreichen?<\/h6>\n<p>Meldungen k\u00f6nnen in Textform unter den nachfolgend stehenden Links&nbsp;eingereicht werden. M\u00f6glich sind&nbsp;auch anonyme Meldungen.<\/p>\n<p><strong>digatus it group AG<\/strong>:&nbsp;<a href=\"https:\/\/digatus-group.sicherhinweisen.de\/\" target=\"_blank\" rel=\"noopener\">https:\/\/digatus-group.sicherhinweisen.de<\/a><\/p>\n<p><strong>digatus it consulting GmbH<\/strong>:&nbsp;<a href=\"https:\/\/digatus-it-consulting.sicherhinweisen.de\/\" target=\"_blank\" rel=\"noopener\">https:\/\/digatus-it-consulting.sicherhinweisen.de<\/a><\/p>\n<p><strong>digatus technology GmbH<\/strong>:&nbsp;<a href=\"https:\/\/digatus-technology.sicherhinweisen.de\/\" target=\"_blank\" rel=\"noopener\">https:\/\/digatus-technology.sicherhinweisen.de<\/a><\/p>\n<p>Wenn Sie m\u00f6chten, k\u00f6nnen Sie mit unserer Meldestelle auf diesem Weg zudem einen Termin f\u00fcr eine pers\u00f6nliche Zusammenkunft vereinbaren.<\/p>\n<h6>Was kann gemeldet werden?<\/h6>\n<p>Inhalt einer solchen Meldung k\u00f6nnen <strong>bestimmte<\/strong> tats\u00e4chliche oder m\u00f6gliche <strong>rechtswidrige Handlungen<\/strong>, aber auch ein <strong>rechtswidriges Unterlassen<\/strong> sein. Ein Beispiel hierf\u00fcr ist eine Handlung, die strafrechtlich verboten ist. Ein weiteres Beispiel ist eine Handlung, die mit Bu\u00dfgeld geahndet werden kann und deren Verbot dem Schutz der Rechte von Besch\u00e4ftigten dient. <strong>Voraussetzung<\/strong> ist, dass die entsprechende Handlung oder das entsprechende Unterlassen im Rahmen einer beruflichen, unternehmerischen oder dienstlichen T\u00e4tigkeit in Zusammenhang mit unserem Unternehmen begangen wurde und der Hinweisgeber von diesem Versto\u00df Kenntnis hat. Es reicht aber auch aus, wenn ein solche Handlung oder ein solches Unterlassen erst in Zukunft sehr wahrscheinlich erfolgen wird. Ebenso gen\u00fcgt es, wenn beim Hinweisgeber \u2013 also bei Ihnen \u2013 begr\u00fcndete Verdachtsmomente f\u00fcr einen solchen Versto\u00df vorliegen.<\/p>\n<p>Inhalt einer Meldung kann aber auch der <strong>Versuch der Verschleierung<\/strong> solcher Verst\u00f6\u00dfe sein, sofern der Hinweisgeber Kenntnis von diesem Versuch hat oder bei ihm begr\u00fcndete Verdachtsmomente f\u00fcr diesen Versuch vorliegen.<\/p>\n<h6>Was passiert nach meiner Meldung?<\/h6>\n<p>Unsere Meldestelle <strong>best\u00e4tigt<\/strong> Ihnen sp\u00e4testens nach sieben Tagen den <strong>Eingang<\/strong> Ihrer Nachricht. Ihre Nachricht wird <strong>dokumentiert<\/strong>, Aufzeichnungen oder Wortprotokolle bed\u00fcrfen ihrer Zustimmung. Sodann wird gepr\u00fcft, ob Ihre Nachricht sich auf einen ma\u00dfgeblichen Rechtsversto\u00df bezieht und ob sie stichhaltig ist. Eventuell ersucht die Meldestelle Sie um weitere Informationen. In jedem Fall <strong>h\u00e4lt sie mit Ihnen Kontakt<\/strong>. Zudem ergreift unsere Meldestelle <strong>angemessene<\/strong> <strong>Folgema\u00dfnahmen<\/strong> \u2013 dies kann einen Abschluss des Verfahrens aus Mangel an Beweisen bedeuten, aber nat\u00fcrlich auch die Durchf\u00fchrung einer internen Untersuchung oder die Abgabe des Verfahrens an die zust\u00e4ndige Beh\u00f6rde. Grunds\u00e4tzlich erhalten Sie sp\u00e4testens drei Monate nach Best\u00e4tigung des Eingangs Ihrer Nachricht <strong>Mitteilung<\/strong> \u00fcber geplante und bereits ergriffene Folgema\u00dfnahmen sowie die Gr\u00fcnde f\u00fcr diese Ma\u00dfnahmen. Die Dokumentation wird grunds\u00e4tzlich drei Jahre nach Abschluss des Verfahrens gel\u00f6scht.<\/p>\n<h6>Wie bin ich gesch\u00fctzt?<\/h6>\n<p>Mit dem Betrieb unserer Meldestelle haben wir eine unabh\u00e4ngige Organisation betraut. Diese wahrt Ihre Identit\u00e4t, aber auch die Identit\u00e4t aller anderen Personen, die Sie in Ihrer Meldung nennen. Voraussetzung f\u00fcr Ihren Schutz ist, dass die gemeldeten Informationen Verst\u00f6\u00dfe betreffen, die in den Anwendungsbereich des Gesetz f\u00fcr einen besseren Schutz hinweisgebender Personen (HinSchG) fallen.<\/p>\n<p><strong>Voraussetzung<\/strong> f\u00fcr Ihren Schutz ist, dass die gemeldeten Informationen Verst\u00f6\u00dfe betreffen, die in den Anwendungsbereich des Gesetz f\u00fcr einen besseren Schutz hinweisgebender Personen (HinSchG) fallen. Ausreichend ist aber, dass Sie zum Zeitpunkt der Meldung hinreichenden Grund zu der Annahme hatte, dass dies der Fall sei. Die Identit\u00e4t der genannten Personen wird grunds\u00e4tzlich nur denjenigen bekannt, die f\u00fcr die Entgegennahme von Meldungen oder f\u00fcr das Ergreifen von Folgema\u00dfnahmen zust\u00e4ndig sind, sowie den sie bei der Erf\u00fcllung dieser Aufgaben unterst\u00fctzenden Personen. Ihre Identit\u00e4t ist auch hinsichtlich Umst\u00e4nden, die R\u00fcckschl\u00fcsse auf Ihre Identit\u00e4t zulassen, gesch\u00fctzt. <strong>Ausnahmen<\/strong> vom Schutz der Identit\u00e4t gelten bspw. in Strafverfahren auf Verlangen der Strafverfolgungsbeh\u00f6rden. Auch der <strong>Zugriff auf die Meldungen<\/strong> im \u00dcbrigen ist <strong>beschr\u00e4nkt<\/strong>.<\/p>\n<p>Das HinSchG, dem unsere Meldestelle entspricht, sieht zudem <strong>Schutzma\u00dfnahmen f\u00fcr Hinweisgeber<\/strong> vor, die sich ordnungsgem\u00e4\u00df an die Meldestelle gewandt haben. <strong>Voraussetzung<\/strong> ist, dass die hinweisgebende Person zum Zeitpunkt der Meldung hinreichenden Grund zu der Annahme hatte, dass die von ihr gemeldeten Informationen der Wahrheit entsprechen. Au\u00dferdem ist Voraussetzung, dass die Informationen Verst\u00f6\u00dfe betreffen, die in den Anwendungsbereich des HinSchG fallen. Ausreichend ist insofern aber auch, dass die hinweisgebende Person zum Zeitpunkt der Meldung hinreichenden Grund zu der Annahme hatte, dass dies der Fall sei. Zu diesen Schutzma\u00dfnahmen geh\u00f6rt dann <strong>bspw. das Verbot von Repressalien<\/strong>, also z.B. das Verbot einer ungerechtfertigten K\u00fcndigung in Reaktion auf die Meldung. Unter bestimmten Voraussetzungen unterfallen diesen Schutzma\u00dfnahmen auch Dritte.<\/p>\n<p>Zugleich <strong>entbindet<\/strong> das HinSchG Sie f\u00fcr Meldungen an die zust\u00e4ndige Meldestelle von vertraglichen und umfassend auch von gesetzlichen <strong>Verschwiegenheits- und Geheimhaltungspflichten. Voraussetzung<\/strong> ist, dass Sie hinreichenden Grund zu der Annahme hatten, dass die Weitergabe des Inhalts der jeweiligen Informationen notwendig ist, um einen Versto\u00df aufzudecken. Voraussetzung ist zudem, dass Sie zum Zeitpunkt der Meldung hinreichenden Grund zu der Annahme hatte, dass die von Ihnen gemeldeten Informationen der Wahrheit entsprechen. Auch ist Voraussetzung, dass die Informationen Verst\u00f6\u00dfe betreffen, die in den Anwendungsbereich des HinSchG fallen, oder dass Sie zum Zeitpunkt der Meldung hinreichenden Grund zu der Annahme hatten, dass dies der Fall sei.<\/p>\n<h6>An wen kann ich mich noch wenden?<\/h6>\n<p>Das HinSchG sieht vor, dass Sie eine Meldung an die interne Meldestelle bevorzugen sollten, sofern intern wirksam gegen den Versto\u00df vorgegangen werden kann und Sie keine Repressalien bef\u00fcrchten. Auch wir m\u00f6chten Sie <strong>nachdr\u00fccklich ermutigen<\/strong>, sich mit Ihren Informationen zun\u00e4chst an unsere Meldestelle zu wenden. Denn eventuelle Probleme k\u00f6nnen nat\u00fcrlich viel leichter gel\u00f6st werden, wenn sie uns m\u00f6glichst schnell bekannt werden.<\/p>\n<p>Zugleich steht es Ihnen aber frei, sich auch an <strong>eine externe Meldestelle zu wenden<\/strong>. Dies gilt bspw., wenn einem bei unserer Meldestelle gemeldeten Versto\u00df nicht abgeholfen wurde. Den externen Meldestellen k\u00f6nnen Sie also insbesondere <strong>all das melden, was Sie auch unserer Meldestelle melden k\u00f6nnten.<\/strong> Das <strong>Verfahren<\/strong> nach \u00dcbermittlung Ihrer Nachricht gestaltet sich bei externen Meldestellen im Wesentlichen identisch zu dem Verfahren bei unserer Meldestelle.<\/p>\n<p>Bei den Folgema\u00dfnahmen stehen der externen Meldestelle aber nat\u00fcrlich insb. keine internen Untersuchungen zu. Daf\u00fcr kann sie umfassend Auskunft von Betroffenen verlangen, soweit dies zur \u00dcberpr\u00fcfung der Stichhaltigkeit Ihrer Nachricht erforderlich ist. Grunds\u00e4tzlich erhalten Sie von der externen Meldestelle zus\u00e4tzlich zu einer R\u00fcckmeldung nach sp\u00e4testens drei Monaten auch eine Mitteilung \u00fcber das Ergebnis der durch Ihre Meldung ausgel\u00f6sten Untersuchungen nach deren vollst\u00e4ndigen Abschluss. Die externe Meldestelle kann das Verfahren aber auch wegen Geringf\u00fcgigkeit abschlie\u00dfen. Sie kann es auch deshalb abschlie\u00dfen, da Ihre Nachricht einen Sachverhalt betrifft, zu dem bereits ein Verfahren nach dem HinSchG abgeschlossen wurde. Voraussetzung hierf\u00fcr ist, dass Ihre Nachricht keine neuen Tatsachen enth\u00e4lt und auch keine sonstigen neuen Umst\u00e4nde ein anderes Vorgehen rechtfertigen. Zudem muss die externe Meldestelle Ihre Nachricht bei Unzust\u00e4ndigkeit oder \u00dcberlastung grunds\u00e4tzlich an die zur Aufkl\u00e4rung, Verh\u00fctung und Verfolgung des Versto\u00dfes zust\u00e4ndige Stelle weiterleiten. Auch in all diesen F\u00e4llen der Weiterleitung oder des Abschlusses informiert die externe Meldestelle Sie entsprechend.<\/p>\n<p><strong>Ihr Schutz<\/strong> entspricht bei einer externen Meldestelle in jedem Fall dem oben geschilderten.<\/p>\n<p><strong>Externe Meldestellen sind u.a.:<\/strong><\/p>\n<ul>\n<li>Die <strong>Bundesanstalt f\u00fcr Finanzdienstleistungsaufsicht<\/strong>. Diese ist grunds\u00e4tzlich insbesondere f\u00fcr Meldungen \u00fcber Verst\u00f6\u00dfe gegen Aufsichtsrecht f\u00fcr Banken, Finanzdienstleister und Zahlungsinstituten zust\u00e4ndig. N\u00e4here Informationen zur externen Meldestelle bei der Bundesanstalt f\u00fcr Finanzdienstleistungsaufsicht sowie insbesondere zu deren Zust\u00e4ndigkeit finden Sie unter <a href=\"https:\/\/www.bafin.de\/DE\/DieBaFin\/Hinweisgeberstelle\/hinweisgeberstelle_node.html\" target=\"_blank\" rel=\"noopener\">Bundesanstalt f\u00fcr Finanzdienstleistungsaufsicht.<\/a><\/li>\n<li>Das <strong>Bundeskartellamt<\/strong>. Dieses ist grunds\u00e4tzlich insbesondere f\u00fcr Meldungen \u00fcber Verst\u00f6\u00dfe gegen das deutsche oder europ\u00e4ische Kartellverbot sowie gegen das deutsche oder europ\u00e4ische Verbot des Missbrauchs von Marktmacht zust\u00e4ndig. N\u00e4here Informationen zur externen Meldestelle beim Bundeskartellamt sowie insbesondere zu deren Zust\u00e4ndigkeit finden Sie unter <a href=\"https:\/\/www.bundeskartellamt.de\/DE\/Aufgaben\/Kartelle\/HinweiseAufKartellverstoesse\/hinweiseaufverstoesse_node.html\" target=\"_blank\" rel=\"noopener\">Bundeskartellamt<\/a>.<\/li>\n<li>Das <strong>Bundesamt f\u00fcr Justiz<\/strong>. Dieses ist grunds\u00e4tzlich u.a. f\u00fcr Meldungen \u00fcber Verst\u00f6\u00dfe gegen Strafrecht, Ordnungswidrigkeitsrecht, Umweltschutzrecht, Verbraucherschutzrecht oder Recht zum Schutz der personenbezogenen Daten zust\u00e4ndig, sofern nicht ausnahmsweise die weiteren externen Meldestellen nach \u00a7 20 oder \u00a7 23 HinSchG zust\u00e4ndig sind. N\u00e4here Informationen zur externen Meldestelle beim Bundesamt f\u00fcr Justiz sowie insbesondere zu deren Zust\u00e4ndigkeit finden Sie unter <a href=\"https:\/\/www.bundesjustizamt.de\/DE\/MeldestelledesBundes\/MeldestelledesBundes_node.html\" target=\"_blank\" rel=\"noopener\">Bundesamt f\u00fcr Justiz.<\/a><\/li>\n<\/ul>\n<p>An die externen Meldestellen k\u00f6nnen sie sich zumindest in fernm\u00fcndlicher Form, bspw. per Telefon, oder in Textform wenden. Gegebenenfalls ist auch hier die Abgabe einer anonymen Meldung m\u00f6glich. Aber auch bei externen Meldestellen k\u00f6nnen Sie zudem einen Termin f\u00fcr eine pers\u00f6nliche Zusammenkunft vereinbaren. Die externen Meldestellen arbeiten fachlich <strong>unabh\u00e4ngig<\/strong> und von internen Meldestellen getrennt.<\/p>\n<p>Zu beachten ist, dass es f\u00fcr bestimmte F\u00e4lle auch <strong>Meldeverfahren bei Organen, Einrichtungen und sonstigen Stellen der Europ\u00e4ischen Union<\/strong> geben kann. Hierzu z\u00e4hlen die Meldekan\u00e4le der Europ\u00e4ischen Kommission, des Europ\u00e4ischen Amts f\u00fcr Betrugsbek\u00e4mpfung (OLAF; <a href=\"https:\/\/fns.olaf.europa.eu\/main_de.htm\" target=\"_blank\" rel=\"noopener\">https:\/\/fns.olaf.europa.eu\/main_de.htm<\/a>), der Europ\u00e4ischen Agentur f\u00fcr die Sicherheit des Seeverkehrs (EMSA), der Europ\u00e4ischen Agentur f\u00fcr Flugsicherheit (EASA), der Europ\u00e4ischen Wertpapier- und Marktaufsichtsbeh\u00f6rde (ESMA; <a href=\"https:\/\/www.esma.europa.eu\/investor-corner\/make-complaint#whistleblowers\" target=\"_blank\" rel=\"noopener\">https:\/\/www.esma.europa.eu\/investor-corner\/make-complaint#whistleblowers<\/a>) und der Europ\u00e4ischen Arzneimittel-Agentur (EMA).<\/p>\n<h6>Was mache ich, wenn ich noch Fragen habe?<\/h6>\n<p>Nat\u00fcrlich k\u00f6nnen wir Ihnen an dieser Stelle nicht alle Details der gesetzlichen Regelungen zu Meldestellen und Meldeverfahren n\u00e4her darlegen. Auch sind <strong>h\u00e4ufig besondere Umst\u00e4nde des Einzelfalls relevant<\/strong>, bspw. unterfallen eben nicht alle rechtswidrigen Handlungen bzw. Unterlassungen dem Anwendungsbereich des HinSchG (\u00a7&nbsp;2&nbsp;HinSchG). Zugleich existieren bestimmte Ausschlussgr\u00fcnde f\u00fcr die Anwendung des HinSchG (\u00a7&nbsp;5&nbsp;HinSchG). Auch gehen bestimmte spezifische Meldeverfahren den vorangehend beschriebenen Meldeverfahren mittels der internen oder der externen Meldestellen vor (\u00a7&nbsp;4 Abs.&nbsp;1&nbsp;HinschG).<\/p>\n<p>Sofern Sie sich also unsicher sind, ob in Ihrem konkreten Fall ein Versto\u00df gemeldet werden k\u00f6nnte, an wen Sie sich mit Ihrer Meldung wenden k\u00f6nnen oder was nach einer Nachricht an eine Meldestelle passieren w\u00fcrde, so sollten Sie sich im Zweifelsfall rechtlich beraten lassen, bspw. durch eine Rechtsanw\u00e4ltin oder einen Rechtsanwalt. Aber auch die externen Meldestellen bieten umfassende und unabh\u00e4ngige Informationen und Beratung \u00fcber bestehende Abhilfem\u00f6glichkeiten und Verfahren f\u00fcr den Schutz vor Repressalien.<\/p>\t\t\t\t\t\t\t\t<\/div>\n\t\t\t\t<\/div>\n\t\t\t\t<\/div>\n\t\t\t\t\t<\/div>\n\t\t\t\t<\/div>\n\t\t\t\t<\/div>\n\t\t","protected":false},"excerpt":{"rendered":"<p>Interne Meldestelle gem. HinSchG Interne Meldestelle gem. HinSchG\u200b Unsere interne Meldestelle Unserem Unternehmen liegen der Schutz und das Wohlbefinden unserer Mitarbeiterinnen und Mitarbeiter, unserer Kundinnen und Kunden sowie unserer Zulieferer und Subunternehmer sehr am Herzen. Zugleich sind wir uns unserer gesellschaftlichen Verantwortung bewusst. Daher ist es uns wichtig, dass wir uns zu jeder Zeit in [&hellip;]<\/p>\n","protected":false},"author":2,"featured_media":0,"parent":0,"menu_order":0,"comment_status":"closed","ping_status":"closed","template":"","meta":{"footnotes":""},"class_list":["post-19537","page","type-page","status-publish","hentry"],"yoast_head":"<!-- This site is optimized with the Yoast SEO plugin v27.5 - https:\/\/yoast.com\/product\/yoast-seo-wordpress\/ -->\n<title>Interne Meldestelle gem. HinSchG - digatus<\/title>\n<meta name=\"robots\" content=\"index, follow, max-snippet:-1, max-image-preview:large, max-video-preview:-1\" \/>\n<link rel=\"canonical\" href=\"https:\/\/digatus.com\/de\/interne-meldestelle-gem-hinschg\/\" \/>\n<meta property=\"og:locale\" content=\"de_DE\" \/>\n<meta property=\"og:type\" content=\"article\" \/>\n<meta property=\"og:title\" content=\"Interne Meldestelle gem. HinSchG - digatus\" \/>\n<meta property=\"og:description\" content=\"Interne Meldestelle gem. HinSchG Interne Meldestelle gem. HinSchG\u200b Unsere interne Meldestelle Unserem Unternehmen liegen der Schutz und das Wohlbefinden unserer Mitarbeiterinnen und Mitarbeiter, unserer Kundinnen und Kunden sowie unserer Zulieferer und Subunternehmer sehr am Herzen. Zugleich sind wir uns unserer gesellschaftlichen Verantwortung bewusst. Daher ist es uns wichtig, dass wir uns zu jeder Zeit in [&hellip;]\" \/>\n<meta property=\"og:url\" content=\"https:\/\/digatus.com\/de\/interne-meldestelle-gem-hinschg\/\" \/>\n<meta property=\"og:site_name\" content=\"digatus\" \/>\n<meta property=\"article:modified_time\" content=\"2025-09-05T15:20:09+00:00\" \/>\n<meta name=\"twitter:card\" content=\"summary_large_image\" \/>\n<meta name=\"twitter:label1\" content=\"Gesch\u00e4tzte Lesezeit\" \/>\n\t<meta name=\"twitter:data1\" content=\"9\u00a0Minuten\" \/>\n<script type=\"application\/ld+json\" class=\"yoast-schema-graph\">{\"@context\":\"https:\\\/\\\/schema.org\",\"@graph\":[{\"@type\":\"WebPage\",\"@id\":\"https:\\\/\\\/digatus.com\\\/de\\\/interne-meldestelle-gem-hinschg\\\/\",\"url\":\"https:\\\/\\\/digatus.com\\\/de\\\/interne-meldestelle-gem-hinschg\\\/\",\"name\":\"Interne Meldestelle gem. HinSchG - digatus\",\"isPartOf\":{\"@id\":\"https:\\\/\\\/digatus.com\\\/de\\\/#website\"},\"datePublished\":\"2025-03-10T13:16:01+00:00\",\"dateModified\":\"2025-09-05T15:20:09+00:00\",\"breadcrumb\":{\"@id\":\"https:\\\/\\\/digatus.com\\\/de\\\/interne-meldestelle-gem-hinschg\\\/#breadcrumb\"},\"inLanguage\":\"de\",\"potentialAction\":[{\"@type\":\"ReadAction\",\"target\":[\"https:\\\/\\\/digatus.com\\\/de\\\/interne-meldestelle-gem-hinschg\\\/\"]}]},{\"@type\":\"BreadcrumbList\",\"@id\":\"https:\\\/\\\/digatus.com\\\/de\\\/interne-meldestelle-gem-hinschg\\\/#breadcrumb\",\"itemListElement\":[{\"@type\":\"ListItem\",\"position\":1,\"name\":\"Startseite\",\"item\":\"https:\\\/\\\/digatus.com\\\/de\\\/\"},{\"@type\":\"ListItem\",\"position\":2,\"name\":\"Interne Meldestelle gem. HinSchG\"}]},{\"@type\":\"WebSite\",\"@id\":\"https:\\\/\\\/digatus.com\\\/de\\\/#website\",\"url\":\"https:\\\/\\\/digatus.com\\\/de\\\/\",\"name\":\"digatus\",\"description\":\"Transforming IT, Empowering Business.\",\"publisher\":{\"@id\":\"https:\\\/\\\/digatus.com\\\/de\\\/#organization\"},\"potentialAction\":[{\"@type\":\"SearchAction\",\"target\":{\"@type\":\"EntryPoint\",\"urlTemplate\":\"https:\\\/\\\/digatus.com\\\/de\\\/?s={search_term_string}\"},\"query-input\":{\"@type\":\"PropertyValueSpecification\",\"valueRequired\":true,\"valueName\":\"search_term_string\"}}],\"inLanguage\":\"de\"},{\"@type\":\"Organization\",\"@id\":\"https:\\\/\\\/digatus.com\\\/de\\\/#organization\",\"name\":\"digatus\",\"url\":\"https:\\\/\\\/digatus.com\\\/de\\\/\",\"logo\":{\"@type\":\"ImageObject\",\"inLanguage\":\"de\",\"@id\":\"https:\\\/\\\/digatus.com\\\/de\\\/#\\\/schema\\\/logo\\\/image\\\/\",\"url\":\"https:\\\/\\\/digatus.com\\\/wp-content\\\/uploads\\\/2025\\\/01\\\/Logo_digatus_green_web_rgb.png\",\"contentUrl\":\"https:\\\/\\\/digatus.com\\\/wp-content\\\/uploads\\\/2025\\\/01\\\/Logo_digatus_green_web_rgb.png\",\"width\":1200,\"height\":312,\"caption\":\"digatus\"},\"image\":{\"@id\":\"https:\\\/\\\/digatus.com\\\/de\\\/#\\\/schema\\\/logo\\\/image\\\/\"}}]}<\/script>\n<!-- \/ Yoast SEO plugin. -->","yoast_head_json":{"title":"Interne Meldestelle gem. HinSchG - digatus","robots":{"index":"index","follow":"follow","max-snippet":"max-snippet:-1","max-image-preview":"max-image-preview:large","max-video-preview":"max-video-preview:-1"},"canonical":"https:\/\/digatus.com\/de\/interne-meldestelle-gem-hinschg\/","og_locale":"de_DE","og_type":"article","og_title":"Interne Meldestelle gem. HinSchG - digatus","og_description":"Interne Meldestelle gem. HinSchG Interne Meldestelle gem. HinSchG\u200b Unsere interne Meldestelle Unserem Unternehmen liegen der Schutz und das Wohlbefinden unserer Mitarbeiterinnen und Mitarbeiter, unserer Kundinnen und Kunden sowie unserer Zulieferer und Subunternehmer sehr am Herzen. Zugleich sind wir uns unserer gesellschaftlichen Verantwortung bewusst. Daher ist es uns wichtig, dass wir uns zu jeder Zeit in [&hellip;]","og_url":"https:\/\/digatus.com\/de\/interne-meldestelle-gem-hinschg\/","og_site_name":"digatus","article_modified_time":"2025-09-05T15:20:09+00:00","twitter_card":"summary_large_image","twitter_misc":{"Gesch\u00e4tzte Lesezeit":"9\u00a0Minuten"},"schema":{"@context":"https:\/\/schema.org","@graph":[{"@type":"WebPage","@id":"https:\/\/digatus.com\/de\/interne-meldestelle-gem-hinschg\/","url":"https:\/\/digatus.com\/de\/interne-meldestelle-gem-hinschg\/","name":"Interne Meldestelle gem. HinSchG - digatus","isPartOf":{"@id":"https:\/\/digatus.com\/de\/#website"},"datePublished":"2025-03-10T13:16:01+00:00","dateModified":"2025-09-05T15:20:09+00:00","breadcrumb":{"@id":"https:\/\/digatus.com\/de\/interne-meldestelle-gem-hinschg\/#breadcrumb"},"inLanguage":"de","potentialAction":[{"@type":"ReadAction","target":["https:\/\/digatus.com\/de\/interne-meldestelle-gem-hinschg\/"]}]},{"@type":"BreadcrumbList","@id":"https:\/\/digatus.com\/de\/interne-meldestelle-gem-hinschg\/#breadcrumb","itemListElement":[{"@type":"ListItem","position":1,"name":"Startseite","item":"https:\/\/digatus.com\/de\/"},{"@type":"ListItem","position":2,"name":"Interne Meldestelle gem. HinSchG"}]},{"@type":"WebSite","@id":"https:\/\/digatus.com\/de\/#website","url":"https:\/\/digatus.com\/de\/","name":"digatus","description":"Transforming IT, Empowering Business.","publisher":{"@id":"https:\/\/digatus.com\/de\/#organization"},"potentialAction":[{"@type":"SearchAction","target":{"@type":"EntryPoint","urlTemplate":"https:\/\/digatus.com\/de\/?s={search_term_string}"},"query-input":{"@type":"PropertyValueSpecification","valueRequired":true,"valueName":"search_term_string"}}],"inLanguage":"de"},{"@type":"Organization","@id":"https:\/\/digatus.com\/de\/#organization","name":"digatus","url":"https:\/\/digatus.com\/de\/","logo":{"@type":"ImageObject","inLanguage":"de","@id":"https:\/\/digatus.com\/de\/#\/schema\/logo\/image\/","url":"https:\/\/digatus.com\/wp-content\/uploads\/2025\/01\/Logo_digatus_green_web_rgb.png","contentUrl":"https:\/\/digatus.com\/wp-content\/uploads\/2025\/01\/Logo_digatus_green_web_rgb.png","width":1200,"height":312,"caption":"digatus"},"image":{"@id":"https:\/\/digatus.com\/de\/#\/schema\/logo\/image\/"}}]}},"_links":{"self":[{"href":"https:\/\/digatus.com\/de\/wp-json\/wp\/v2\/pages\/19537","targetHints":{"allow":["GET"]}}],"collection":[{"href":"https:\/\/digatus.com\/de\/wp-json\/wp\/v2\/pages"}],"about":[{"href":"https:\/\/digatus.com\/de\/wp-json\/wp\/v2\/types\/page"}],"author":[{"embeddable":true,"href":"https:\/\/digatus.com\/de\/wp-json\/wp\/v2\/users\/2"}],"replies":[{"embeddable":true,"href":"https:\/\/digatus.com\/de\/wp-json\/wp\/v2\/comments?post=19537"}],"version-history":[{"count":6,"href":"https:\/\/digatus.com\/de\/wp-json\/wp\/v2\/pages\/19537\/revisions"}],"predecessor-version":[{"id":28067,"href":"https:\/\/digatus.com\/de\/wp-json\/wp\/v2\/pages\/19537\/revisions\/28067"}],"wp:attachment":[{"href":"https:\/\/digatus.com\/de\/wp-json\/wp\/v2\/media?parent=19537"}],"curies":[{"name":"wp","href":"https:\/\/api.w.org\/{rel}","templated":true}]}}