{"id":27034,"date":"2025-03-10T10:37:12","date_gmt":"2025-03-10T09:37:12","guid":{"rendered":"https:\/\/digatus.com\/mentions-legales\/"},"modified":"2025-10-27T16:24:49","modified_gmt":"2025-10-27T15:24:49","slug":"mentions-legales","status":"publish","type":"page","link":"https:\/\/digatus.com\/fr\/mentions-legales\/","title":{"rendered":"Mentions l\u00e9gales"},"content":{"rendered":"\t\t<div data-elementor-type=\"wp-page\" data-elementor-id=\"27034\" class=\"elementor elementor-27034 elementor-19474\" data-elementor-post-type=\"page\">\n\t\t\t\t<div class=\"elementor-element elementor-element-b455d07 e-flex e-con-boxed e-con e-parent\" data-id=\"b455d07\" data-element_type=\"container\" data-e-type=\"container\" data-settings=\"{&quot;background_background&quot;:&quot;classic&quot;}\">\n\t\t\t\t\t<div class=\"e-con-inner\">\n\t\t<div class=\"elementor-element elementor-element-6783e61e e-con-full e-flex e-con e-child\" data-id=\"6783e61e\" data-element_type=\"container\" data-e-type=\"container\">\n\t\t\t\t<div class=\"elementor-element elementor-element-3d454208 elementor-widget elementor-widget-heading\" data-id=\"3d454208\" data-element_type=\"widget\" data-e-type=\"widget\" data-widget_type=\"heading.default\">\n\t\t\t\t<div class=\"elementor-widget-container\">\n\t\t\t\t\t<h1 class=\"elementor-heading-title elementor-size-default\">Mentions l\u00e9gales<\/h1>\t\t\t\t<\/div>\n\t\t\t\t<\/div>\n\t\t\t\t<\/div>\n\t\t\t\t\t<\/div>\n\t\t\t\t<\/div>\n\t\t<div class=\"elementor-element elementor-element-74c458dd e-flex e-con-boxed e-con e-parent\" data-id=\"74c458dd\" data-element_type=\"container\" data-e-type=\"container\" id=\"Leistung\">\n\t\t\t\t\t<div class=\"e-con-inner\">\n\t\t<div class=\"elementor-element elementor-element-4358007a e-con-full e-flex e-con e-child\" data-id=\"4358007a\" data-element_type=\"container\" data-e-type=\"container\">\n\t\t\t\t<div class=\"elementor-element elementor-element-77d749 elementor-widget__width-initial elementor-widget elementor-widget-text-editor\" data-id=\"77d749\" data-element_type=\"widget\" data-e-type=\"widget\" data-widget_type=\"text-editor.default\">\n\t\t\t\t<div class=\"elementor-widget-container\">\n\t\t\t\t\t\t\t\t\t<p><strong>Coordonn\u00e9es<\/strong><br>digatus it group AG<br>Elsenheimerstra\u00dfe 61<br>80687 Munich<br>Courriel : info@digatus.com<br>T\u00e9l : <a href=\"tel:+4989262075610\">+49 89 2 62 07 56 10<\/a><\/p><p><strong>Conseil d&rsquo;administration<\/strong><br>Stephan Bals (pr\u00e9sident), Felix Kirschner<\/p><p><strong>Conseil de surveillance<\/strong><br>Karl Bals (Pr\u00e9sident \/ Chairman), Dr. Albrecht Schleich (Vice-pr\u00e9sident \/ Deputy Chairman), Verena Rathjen, Dr. Wolfgang Heimsch<\/p><p><strong>Tribunal d&rsquo;instance<\/strong><br>Tribunal d&rsquo;instance de Munich, HRB 216715<\/p><p><strong>Num\u00e9ro d&rsquo;identification TVA conform\u00e9ment \u00e0 l&rsquo;article 27a de la loi sur la taxe sur la valeur ajout\u00e9e \/<\/strong><br>DE298857035<\/p><p><strong>Responsabilit\u00e9 \u00e9ditoriale au sens de l&rsquo;article 55, paragraphe 2, du Trait\u00e9 d&rsquo;\u00c9tat sur la radiodiffusion \/ <\/strong><br>Stephan Bals, c\/o digatus it group AG, Elsenheimerstra\u00dfe 61, 80687 Munich<\/p><h6> <\/h6><h6>Autres filiales<\/h6><p><strong>digatus it consulting GmbH<\/strong><br>Elsenheimerstra\u00dfe 61<br>80687 Munich<\/p><p>Tribunal d&rsquo;enregistrement : Munich, HRB 219543<br>Num\u00e9ro de TVA : DE 294 485 236<br>Directeur g\u00e9n\u00e9ral : Stephan Bals<\/p><p><strong>digatus technology GmbH<\/strong><br>G\u00f6gginger Stra\u00dfe 49<br>86159 Augsbourg<\/p><p>Tribunal d&rsquo;enregistrement : Augsbourg, HRB 30489<br>N\u00b0 TVA : DE 206 523 019<br>Directeurs : Ludwig Hank, Christian M. J. Quickert<\/p><p><b>digatus personal GmbH<br><\/b>Elsenheimerstra\u00dfe 61<br>80687 Munich<\/p><p>Tribunal d&rsquo;instance : Munich, 299847<br>N\u00b0 TVA : DE 452 887 990<br>Directeur g\u00e9n\u00e9ral : Ludwig Hank<\/p><p>Tous les contenus tels que les textes ou les images sont prot\u00e9g\u00e9s par le droit d&rsquo;auteur et ne peuvent \u00eatre reproduits, transmis, diffus\u00e9s ou stock\u00e9s en dehors de ce site Web, en tout ou en partie, sans l&rsquo;accord \u00e9crit de digatus it group AG et, le cas \u00e9ch\u00e9ant, d&rsquo;autres titulaires de droits d&rsquo;auteur. L&rsquo;ensemble de l&rsquo;offre est propos\u00e9 gratuitement et sans engagement, sans aucune obligation l\u00e9gale de maintenir l&rsquo;exploitation. digatus it group AG n&rsquo;est pas responsable des dommages caus\u00e9s par des \u00e9v\u00e9nements impr\u00e9visibles dont digatus it group AG n&rsquo;est pas responsable, en particulier les pannes de r\u00e9seau ou les d\u00e9faillances informatiques. Malgr\u00e9 un contr\u00f4le minutieux du contenu, digatus it group AG n&rsquo;assume aucune responsabilit\u00e9 quant \u00e0 l&rsquo;exactitude, l&rsquo;actualit\u00e9 ou l&rsquo;exhaustivit\u00e9 du contenu ou du contenu accessible via des liens externes. Les exploitants des pages li\u00e9es sont seuls responsables du contenu et de la l\u00e9galit\u00e9 de ces pages. Nous sommes \u00e0 votre disposition pour toute question.     <\/p>\t\t\t\t\t\t\t\t<\/div>\n\t\t\t\t<\/div>\n\t\t\t\t<\/div>\n\t\t\t\t\t<\/div>\n\t\t\t\t<\/div>\n\t\t\t\t<\/div>\n\t\t","protected":false},"excerpt":{"rendered":"<p>Mentions l\u00e9gales Coordonn\u00e9esdigatus it group AGElsenheimerstra\u00dfe 6180687 MunichCourriel : info@digatus.comT\u00e9l : +49 89 2 62 07 56 10 Conseil d&rsquo;administrationStephan Bals (pr\u00e9sident), Felix Kirschner Conseil de surveillanceKarl Bals (Pr\u00e9sident \/ Chairman), Dr. Albrecht Schleich (Vice-pr\u00e9sident \/ Deputy Chairman), Verena Rathjen, Dr. Wolfgang Heimsch Tribunal d&rsquo;instanceTribunal d&rsquo;instance de Munich, HRB 216715 Num\u00e9ro d&rsquo;identification TVA conform\u00e9ment \u00e0 [&hellip;]<\/p>\n","protected":false},"author":2,"featured_media":0,"parent":0,"menu_order":0,"comment_status":"closed","ping_status":"closed","template":"","meta":{"footnotes":""},"class_list":["post-27034","page","type-page","status-publish","hentry"],"yoast_head":"<!-- This site is optimized with the Yoast SEO plugin v27.3 - https:\/\/yoast.com\/product\/yoast-seo-wordpress\/ -->\n<title>Mentions l\u00e9gales - digatus<\/title>\n<meta name=\"robots\" content=\"index, follow, max-snippet:-1, max-image-preview:large, max-video-preview:-1\" \/>\n<link rel=\"canonical\" href=\"https:\/\/digatus.com\/fr\/mentions-legales\/\" \/>\n<meta property=\"og:locale\" content=\"fr_FR\" \/>\n<meta property=\"og:type\" content=\"article\" \/>\n<meta property=\"og:title\" content=\"Mentions l\u00e9gales - digatus\" \/>\n<meta property=\"og:description\" content=\"Mentions l\u00e9gales Coordonn\u00e9esdigatus it group AGElsenheimerstra\u00dfe 6180687 MunichCourriel : info@digatus.comT\u00e9l : +49 89 2 62 07 56 10 Conseil d&rsquo;administrationStephan Bals (pr\u00e9sident), Felix Kirschner Conseil de surveillanceKarl Bals (Pr\u00e9sident \/ Chairman), Dr. Albrecht Schleich (Vice-pr\u00e9sident \/ Deputy Chairman), Verena Rathjen, Dr. Wolfgang Heimsch Tribunal d&rsquo;instanceTribunal d&rsquo;instance de Munich, HRB 216715 Num\u00e9ro d&rsquo;identification TVA conform\u00e9ment \u00e0 [&hellip;]\" \/>\n<meta property=\"og:url\" content=\"https:\/\/digatus.com\/fr\/mentions-legales\/\" \/>\n<meta property=\"og:site_name\" content=\"digatus\" \/>\n<meta property=\"article:modified_time\" content=\"2025-10-27T15:24:49+00:00\" \/>\n<meta name=\"twitter:card\" content=\"summary_large_image\" \/>\n<meta name=\"twitter:label1\" content=\"Dur\u00e9e de lecture estim\u00e9e\" \/>\n\t<meta name=\"twitter:data1\" content=\"2 minutes\" \/>\n<script type=\"application\/ld+json\" class=\"yoast-schema-graph\">{\"@context\":\"https:\\\/\\\/schema.org\",\"@graph\":[{\"@type\":\"WebPage\",\"@id\":\"https:\\\/\\\/digatus.com\\\/fr\\\/mentions-legales\\\/\",\"url\":\"https:\\\/\\\/digatus.com\\\/fr\\\/mentions-legales\\\/\",\"name\":\"Mentions l\u00e9gales - digatus\",\"isPartOf\":{\"@id\":\"https:\\\/\\\/digatus.com\\\/fr\\\/#website\"},\"datePublished\":\"2025-03-10T09:37:12+00:00\",\"dateModified\":\"2025-10-27T15:24:49+00:00\",\"breadcrumb\":{\"@id\":\"https:\\\/\\\/digatus.com\\\/fr\\\/mentions-legales\\\/#breadcrumb\"},\"inLanguage\":\"fr-FR\",\"potentialAction\":[{\"@type\":\"ReadAction\",\"target\":[\"https:\\\/\\\/digatus.com\\\/fr\\\/mentions-legales\\\/\"]}]},{\"@type\":\"BreadcrumbList\",\"@id\":\"https:\\\/\\\/digatus.com\\\/fr\\\/mentions-legales\\\/#breadcrumb\",\"itemListElement\":[{\"@type\":\"ListItem\",\"position\":1,\"name\":\"Startseite\",\"item\":\"https:\\\/\\\/digatus.com\\\/fr\\\/\"},{\"@type\":\"ListItem\",\"position\":2,\"name\":\"Mentions l\u00e9gales\"}]},{\"@type\":\"WebSite\",\"@id\":\"https:\\\/\\\/digatus.com\\\/fr\\\/#website\",\"url\":\"https:\\\/\\\/digatus.com\\\/fr\\\/\",\"name\":\"digatus\",\"description\":\"Transforming IT, Empowering Business.\",\"publisher\":{\"@id\":\"https:\\\/\\\/digatus.com\\\/fr\\\/#organization\"},\"potentialAction\":[{\"@type\":\"SearchAction\",\"target\":{\"@type\":\"EntryPoint\",\"urlTemplate\":\"https:\\\/\\\/digatus.com\\\/fr\\\/?s={search_term_string}\"},\"query-input\":{\"@type\":\"PropertyValueSpecification\",\"valueRequired\":true,\"valueName\":\"search_term_string\"}}],\"inLanguage\":\"fr-FR\"},{\"@type\":\"Organization\",\"@id\":\"https:\\\/\\\/digatus.com\\\/fr\\\/#organization\",\"name\":\"digatus\",\"url\":\"https:\\\/\\\/digatus.com\\\/fr\\\/\",\"logo\":{\"@type\":\"ImageObject\",\"inLanguage\":\"fr-FR\",\"@id\":\"https:\\\/\\\/digatus.com\\\/fr\\\/#\\\/schema\\\/logo\\\/image\\\/\",\"url\":\"https:\\\/\\\/digatus.com\\\/wp-content\\\/uploads\\\/2025\\\/01\\\/Logo_digatus_green_web_rgb.png\",\"contentUrl\":\"https:\\\/\\\/digatus.com\\\/wp-content\\\/uploads\\\/2025\\\/01\\\/Logo_digatus_green_web_rgb.png\",\"width\":1200,\"height\":312,\"caption\":\"digatus\"},\"image\":{\"@id\":\"https:\\\/\\\/digatus.com\\\/fr\\\/#\\\/schema\\\/logo\\\/image\\\/\"}}]}<\/script>\n<!-- \/ Yoast SEO plugin. -->","yoast_head_json":{"title":"Mentions l\u00e9gales - digatus","robots":{"index":"index","follow":"follow","max-snippet":"max-snippet:-1","max-image-preview":"max-image-preview:large","max-video-preview":"max-video-preview:-1"},"canonical":"https:\/\/digatus.com\/fr\/mentions-legales\/","og_locale":"fr_FR","og_type":"article","og_title":"Mentions l\u00e9gales - digatus","og_description":"Mentions l\u00e9gales Coordonn\u00e9esdigatus it group AGElsenheimerstra\u00dfe 6180687 MunichCourriel : info@digatus.comT\u00e9l : +49 89 2 62 07 56 10 Conseil d&rsquo;administrationStephan Bals (pr\u00e9sident), Felix Kirschner Conseil de surveillanceKarl Bals (Pr\u00e9sident \/ Chairman), Dr. Albrecht Schleich (Vice-pr\u00e9sident \/ Deputy Chairman), Verena Rathjen, Dr. Wolfgang Heimsch Tribunal d&rsquo;instanceTribunal d&rsquo;instance de Munich, HRB 216715 Num\u00e9ro d&rsquo;identification TVA conform\u00e9ment \u00e0 [&hellip;]","og_url":"https:\/\/digatus.com\/fr\/mentions-legales\/","og_site_name":"digatus","article_modified_time":"2025-10-27T15:24:49+00:00","twitter_card":"summary_large_image","twitter_misc":{"Dur\u00e9e de lecture estim\u00e9e":"2 minutes"},"schema":{"@context":"https:\/\/schema.org","@graph":[{"@type":"WebPage","@id":"https:\/\/digatus.com\/fr\/mentions-legales\/","url":"https:\/\/digatus.com\/fr\/mentions-legales\/","name":"Mentions l\u00e9gales - digatus","isPartOf":{"@id":"https:\/\/digatus.com\/fr\/#website"},"datePublished":"2025-03-10T09:37:12+00:00","dateModified":"2025-10-27T15:24:49+00:00","breadcrumb":{"@id":"https:\/\/digatus.com\/fr\/mentions-legales\/#breadcrumb"},"inLanguage":"fr-FR","potentialAction":[{"@type":"ReadAction","target":["https:\/\/digatus.com\/fr\/mentions-legales\/"]}]},{"@type":"BreadcrumbList","@id":"https:\/\/digatus.com\/fr\/mentions-legales\/#breadcrumb","itemListElement":[{"@type":"ListItem","position":1,"name":"Startseite","item":"https:\/\/digatus.com\/fr\/"},{"@type":"ListItem","position":2,"name":"Mentions l\u00e9gales"}]},{"@type":"WebSite","@id":"https:\/\/digatus.com\/fr\/#website","url":"https:\/\/digatus.com\/fr\/","name":"digatus","description":"Transforming IT, Empowering Business.","publisher":{"@id":"https:\/\/digatus.com\/fr\/#organization"},"potentialAction":[{"@type":"SearchAction","target":{"@type":"EntryPoint","urlTemplate":"https:\/\/digatus.com\/fr\/?s={search_term_string}"},"query-input":{"@type":"PropertyValueSpecification","valueRequired":true,"valueName":"search_term_string"}}],"inLanguage":"fr-FR"},{"@type":"Organization","@id":"https:\/\/digatus.com\/fr\/#organization","name":"digatus","url":"https:\/\/digatus.com\/fr\/","logo":{"@type":"ImageObject","inLanguage":"fr-FR","@id":"https:\/\/digatus.com\/fr\/#\/schema\/logo\/image\/","url":"https:\/\/digatus.com\/wp-content\/uploads\/2025\/01\/Logo_digatus_green_web_rgb.png","contentUrl":"https:\/\/digatus.com\/wp-content\/uploads\/2025\/01\/Logo_digatus_green_web_rgb.png","width":1200,"height":312,"caption":"digatus"},"image":{"@id":"https:\/\/digatus.com\/fr\/#\/schema\/logo\/image\/"}}]}},"_links":{"self":[{"href":"https:\/\/digatus.com\/fr\/wp-json\/wp\/v2\/pages\/27034","targetHints":{"allow":["GET"]}}],"collection":[{"href":"https:\/\/digatus.com\/fr\/wp-json\/wp\/v2\/pages"}],"about":[{"href":"https:\/\/digatus.com\/fr\/wp-json\/wp\/v2\/types\/page"}],"author":[{"embeddable":true,"href":"https:\/\/digatus.com\/fr\/wp-json\/wp\/v2\/users\/2"}],"replies":[{"embeddable":true,"href":"https:\/\/digatus.com\/fr\/wp-json\/wp\/v2\/comments?post=27034"}],"version-history":[{"count":8,"href":"https:\/\/digatus.com\/fr\/wp-json\/wp\/v2\/pages\/27034\/revisions"}],"predecessor-version":[{"id":28677,"href":"https:\/\/digatus.com\/fr\/wp-json\/wp\/v2\/pages\/27034\/revisions\/28677"}],"wp:attachment":[{"href":"https:\/\/digatus.com\/fr\/wp-json\/wp\/v2\/media?parent=27034"}],"curies":[{"name":"wp","href":"https:\/\/api.w.org\/{rel}","templated":true}]}}